{"id":386,"date":"2022-04-20T14:15:34","date_gmt":"2022-04-20T14:15:34","guid":{"rendered":"http:\/\/hugin.fsu.fi\/?page_id=386"},"modified":"2022-04-27T17:06:26","modified_gmt":"2022-04-27T17:06:26","slug":"forfattare","status":"publish","type":"page","link":"https:\/\/hugin.fsu.fi\/index.php\/forfattare\/","title":{"rendered":"F\u00f6rfattare"},"content":{"rendered":"\t\t<div data-elementor-type=\"wp-page\" data-elementor-id=\"386\" class=\"elementor elementor-386\" data-elementor-post-type=\"page\">\n\t\t\t\t\t\t<section class=\"elementor-section elementor-top-section elementor-element elementor-element-9a2015e elementor-section-content-middle elementor-section-boxed elementor-section-height-default elementor-section-height-default\" data-id=\"9a2015e\" data-element_type=\"section\" data-e-type=\"section\" data-settings=\"{&quot;background_background&quot;:&quot;classic&quot;}\">\n\t\t\t\t\t\t<div class=\"elementor-container elementor-column-gap-no\">\n\t\t\t\t\t<div class=\"elementor-column elementor-col-100 elementor-top-column elementor-element elementor-element-388aa76\" data-id=\"388aa76\" data-element_type=\"column\" data-e-type=\"column\">\n\t\t\t<div class=\"elementor-widget-wrap elementor-element-populated\">\n\t\t\t\t\t\t<div class=\"elementor-element elementor-element-cadc52d elementor-widget elementor-widget-heading\" data-id=\"cadc52d\" data-element_type=\"widget\" data-e-type=\"widget\" data-widget_type=\"heading.default\">\n\t\t\t\t<div class=\"elementor-widget-container\">\n\t\t\t\t\t<h2 class=\"elementor-heading-title elementor-size-default\">F\u00f6rfattare<\/h2>\t\t\t\t<\/div>\n\t\t\t\t<\/div>\n\t\t\t\t<div class=\"elementor-element elementor-element-d2f3924 elementor-widget-tablet__width-inherit elementor-invisible elementor-widget elementor-widget-text-editor\" data-id=\"d2f3924\" data-element_type=\"widget\" data-e-type=\"widget\" data-settings=\"{&quot;_animation&quot;:&quot;fadeInUp&quot;}\" data-widget_type=\"text-editor.default\">\n\t\t\t\t<div class=\"elementor-widget-container\">\n\t\t\t\t\t\t\t\t\t<p>H\u00e4r kan du l\u00e4sa mer om v\u00e5ra f\u00f6rfattare. Alla har de p\u00e5 olika s\u00e4tt skrivit sina pj\u00e4ser i dialog med referensgrupper, f\u00f6r att inspireras av, f\u00e5 respons av och v\u00e4ssa sina ber\u00e4ttelser tillsammans med barn<\/p>\t\t\t\t\t\t\t\t<\/div>\n\t\t\t\t<\/div>\n\t\t\t\t<div class=\"elementor-element elementor-element-33dc32e elementor-button-info elementor-align-center elementor-widget elementor-widget-button\" data-id=\"33dc32e\" data-element_type=\"widget\" data-e-type=\"widget\" data-widget_type=\"button.default\">\n\t\t\t\t<div class=\"elementor-widget-container\">\n\t\t\t\t\t\t\t\t\t<div class=\"elementor-button-wrapper\">\n\t\t\t\t\t<a class=\"elementor-button elementor-button-link elementor-size-sm elementor-animation-pop\" href=\"http:\/\/hugin.fsu.fi\/index.php\/synopsis\/\">\n\t\t\t\t\t\t<span class=\"elementor-button-content-wrapper\">\n\t\t\t\t\t\t\t\t\t<span class=\"elementor-button-text\">L\u00e4s synopsis<\/span>\n\t\t\t\t\t<\/span>\n\t\t\t\t\t<\/a>\n\t\t\t\t<\/div>\n\t\t\t\t\t\t\t\t<\/div>\n\t\t\t\t<\/div>\n\t\t\t\t\t<\/div>\n\t\t<\/div>\n\t\t\t\t\t<\/div>\n\t\t<\/section>\n\t\t\t\t<section class=\"elementor-section elementor-top-section elementor-element elementor-element-28e33091 elementor-section-height-min-height elementor-section-items-stretch elementor-section-content-middle elementor-section-boxed elementor-section-height-default\" data-id=\"28e33091\" data-element_type=\"section\" data-e-type=\"section\" data-settings=\"{&quot;background_background&quot;:&quot;classic&quot;}\">\n\t\t\t\t\t\t\t<div class=\"elementor-background-overlay\"><\/div>\n\t\t\t\t\t\t\t<div class=\"elementor-container elementor-column-gap-no\">\n\t\t\t\t\t<div class=\"elementor-column elementor-col-100 elementor-top-column elementor-element elementor-element-3d078da6\" data-id=\"3d078da6\" data-element_type=\"column\" data-e-type=\"column\" data-settings=\"{&quot;background_background&quot;:&quot;classic&quot;}\">\n\t\t\t<div class=\"elementor-widget-wrap elementor-element-populated\">\n\t\t\t\t\t\t<div class=\"elementor-element elementor-element-21d661b5 elementor-invisible elementor-widget elementor-widget-heading\" data-id=\"21d661b5\" data-element_type=\"widget\" data-e-type=\"widget\" data-settings=\"{&quot;_animation&quot;:&quot;fadeIn&quot;,&quot;_animation_delay&quot;:400}\" data-widget_type=\"heading.default\">\n\t\t\t\t<div class=\"elementor-widget-container\">\n\t\t\t\t\t<h2 class=\"elementor-heading-title elementor-size-default\">Anna Nygren<\/h2>\t\t\t\t<\/div>\n\t\t\t\t<\/div>\n\t\t\t\t<div class=\"elementor-element elementor-element-7ae2a4d elementor-invisible elementor-widget elementor-widget-text-editor\" data-id=\"7ae2a4d\" data-element_type=\"widget\" data-e-type=\"widget\" data-settings=\"{&quot;_animation&quot;:&quot;fadeIn&quot;,&quot;_animation_delay&quot;:600}\" data-widget_type=\"text-editor.default\">\n\t\t\t\t<div class=\"elementor-widget-container\">\n\t\t\t\t\t\t\t\t\t<p><span class=\"TextRun SCXW95427919 BCX0\" lang=\"SV-SE\" xml:lang=\"SV-SE\" data-contrast=\"none\"><span class=\"NormalTextRun SCXW95427919 BCX0\">Anna Nygren \u00e4r verksam som dramatiker, f\u00f6rfattare och l\u00e4rare, i G\u00f6teborg. Den senaste pj\u00e4s hon jobbade med var <\/span><span class=\"SpellingError SCXW95427919 BCX0\">Fejk<\/span><span class=\"NormalTextRun SCXW95427919 BCX0\">-Flickan p\u00e5 Regionteater V\u00e4st, som bygger p\u00e5 intervjuer med unga transpersoner och som nu spelas f\u00f6r h\u00f6gstadieelever i V\u00e4stra G\u00f6taland. Hon tycker om att skriva om komplicerade v\u00e4nskapsrelationer, om elaka barn, om moraliska dilemman och gulliga djur. F\u00f6rutom dramatik \u00e4r hennes specialintressen textilkonst och h\u00e4stb\u00f6cker. Anna har haft en grupp barn (8-12 \u00e5r) fr\u00e5n Hudiksvalls arbetarteater som referenspersoner i sitt skrivande i projektet.<\/span><\/span><span class=\"EOP SCXW95427919 BCX0\" data-ccp-props=\"{&quot;201341983&quot;:0,&quot;335559739&quot;:160,&quot;335559740&quot;:259}\">\u00a0<\/span><\/p>\t\t\t\t\t\t\t\t<\/div>\n\t\t\t\t<\/div>\n\t\t\t\t\t<\/div>\n\t\t<\/div>\n\t\t\t\t\t<\/div>\n\t\t<\/section>\n\t\t\t\t<section class=\"elementor-section elementor-top-section elementor-element elementor-element-7210f584 elementor-section-full_width elementor-section-height-min-height elementor-section-items-stretch elementor-section-content-middle elementor-section-height-default\" data-id=\"7210f584\" data-element_type=\"section\" data-e-type=\"section\" data-settings=\"{&quot;background_background&quot;:&quot;classic&quot;}\">\n\t\t\t\t\t\t<div class=\"elementor-container elementor-column-gap-no\">\n\t\t\t\t\t<div class=\"elementor-column elementor-col-100 elementor-top-column elementor-element elementor-element-510a7cdf\" data-id=\"510a7cdf\" data-element_type=\"column\" data-e-type=\"column\">\n\t\t\t<div class=\"elementor-widget-wrap elementor-element-populated\">\n\t\t\t\t\t\t<div class=\"elementor-element elementor-element-7fbc01fb elementor-widget__width-auto elementor-absolute elementor-invisible elementor-widget elementor-widget-image\" data-id=\"7fbc01fb\" data-element_type=\"widget\" data-e-type=\"widget\" data-settings=\"{&quot;_animation&quot;:&quot;slideInLeft&quot;,&quot;_position&quot;:&quot;absolute&quot;}\" data-widget_type=\"image.default\">\n\t\t\t\t<div class=\"elementor-widget-container\">\n\t\t\t\t\t\t\t\t\t\t\t\t\t\t\t<img fetchpriority=\"high\" decoding=\"async\" width=\"683\" height=\"1024\" src=\"https:\/\/hugin.fsu.fi\/wp-content\/uploads\/2022\/04\/pressBild-Johanna-och-Grete-fotograf-Parlan-Wallefelt--683x1024.jpeg\" class=\"attachment-large size-large wp-image-565\" alt=\"\" srcset=\"https:\/\/hugin.fsu.fi\/wp-content\/uploads\/2022\/04\/pressBild-Johanna-och-Grete-fotograf-Parlan-Wallefelt--683x1024.jpeg 683w, https:\/\/hugin.fsu.fi\/wp-content\/uploads\/2022\/04\/pressBild-Johanna-och-Grete-fotograf-Parlan-Wallefelt--200x300.jpeg 200w, https:\/\/hugin.fsu.fi\/wp-content\/uploads\/2022\/04\/pressBild-Johanna-och-Grete-fotograf-Parlan-Wallefelt--768x1152.jpeg 768w, https:\/\/hugin.fsu.fi\/wp-content\/uploads\/2022\/04\/pressBild-Johanna-och-Grete-fotograf-Parlan-Wallefelt-.jpeg 960w\" sizes=\"(max-width: 683px) 100vw, 683px\" \/>\t\t\t\t\t\t\t\t\t\t\t\t\t\t\t<\/div>\n\t\t\t\t<\/div>\n\t\t\t\t<section class=\"elementor-section elementor-inner-section elementor-element elementor-element-55ddc283 elementor-section-height-min-height elementor-section-content-middle elementor-section-boxed elementor-section-height-default\" data-id=\"55ddc283\" data-element_type=\"section\" data-e-type=\"section\" data-settings=\"{&quot;background_background&quot;:&quot;classic&quot;}\">\n\t\t\t\t\t\t<div class=\"elementor-container elementor-column-gap-no\">\n\t\t\t\t\t<div class=\"elementor-column elementor-col-100 elementor-inner-column elementor-element elementor-element-e6a27be\" data-id=\"e6a27be\" data-element_type=\"column\" data-e-type=\"column\">\n\t\t\t<div class=\"elementor-widget-wrap elementor-element-populated\">\n\t\t\t\t\t\t<div class=\"elementor-element elementor-element-33fa69a7 elementor-invisible elementor-widget elementor-widget-heading\" data-id=\"33fa69a7\" data-element_type=\"widget\" data-e-type=\"widget\" data-settings=\"{&quot;_animation&quot;:&quot;fadeIn&quot;}\" data-widget_type=\"heading.default\">\n\t\t\t\t<div class=\"elementor-widget-container\">\n\t\t\t\t\t<h2 class=\"elementor-heading-title elementor-size-default\"><span class=\"TextRun SCXW169561494 BCX0\" lang=\"SV-SE\" xml:lang=\"SV-SE\" data-contrast=\"none\"><span class=\"NormalTextRun SCXW169561494 BCX0\">Johanna Thor &amp; Grete <\/span><span class=\"SpellingError SCXW169561494 BCX0\">Havnesk\u00f6ld<\/span> <\/span><\/h2>\t\t\t\t<\/div>\n\t\t\t\t<\/div>\n\t\t\t\t<div class=\"elementor-element elementor-element-9f6dbbe elementor-invisible elementor-widget elementor-widget-text-editor\" data-id=\"9f6dbbe\" data-element_type=\"widget\" data-e-type=\"widget\" data-settings=\"{&quot;_animation&quot;:&quot;fadeIn&quot;,&quot;_animation_delay&quot;:200}\" data-widget_type=\"text-editor.default\">\n\t\t\t\t<div class=\"elementor-widget-container\">\n\t\t\t\t\t\t\t\t\t<p><span lang=\"SV-SE\" xml:lang=\"SV-SE\" data-contrast=\"none\">Johanna Thor och Grete Havnesk\u00f6ld <\/span><span lang=\"SV-SE\" xml:lang=\"SV-SE\" data-contrast=\"none\">\u00e4r dramatiker, sk\u00e5despelare och producenter. Tillsammans driver de Livet Bitch! Scenkonst i S\u00f6dert\u00e4lje. Inom ramen f\u00f6r verksamheten finns Livet Bitch! Studio &#8211; en \u00f6ppen ungdomsverksamhet som fokuserar p\u00e5 unga tjejers utveckling p\u00e5 scen och framf\u00f6r kameran. Johanna och Gretes senaste pj\u00e4s heter <\/span><span lang=\"SV-SE\" xml:lang=\"SV-SE\" data-contrast=\"none\">HUNK <\/span><span lang=\"SV-SE\" xml:lang=\"SV-SE\" data-contrast=\"none\">och \u00e4r en del av Riksteaterns L\u00e4nk 2022. De anv\u00e4nder sig ofta av humor f\u00f6r att ta sig igenom tunga \u00e4mnen och har sedan tio \u00e5r tillbaka med en besatthet utforskat ton\u00e5rstjejers och unga kvinnors villkor i sina verk. Detta blir deras f\u00f6rsta pj\u00e4s f\u00f6r de yngre ton\u00e5ringarna (13-15 \u00e5r) och de har haft ungdomar fr\u00e5n S\u00f6dert\u00e4lje Teateramat\u00f6rer, Gnesta Kulturskola och V\u00e4sterg\u00e5rds fritidsg\u00e5rd som referenspersoner i sitt skrivande.<\/span><span data-ccp-props=\"{\">\u00a0<\/span><\/p>\t\t\t\t\t\t\t\t<\/div>\n\t\t\t\t<\/div>\n\t\t\t\t\t<\/div>\n\t\t<\/div>\n\t\t\t\t\t<\/div>\n\t\t<\/section>\n\t\t\t\t\t<\/div>\n\t\t<\/div>\n\t\t\t\t\t<\/div>\n\t\t<\/section>\n\t\t\t\t<section class=\"elementor-section elementor-top-section elementor-element elementor-element-41cb8c6c elementor-section-height-min-height elementor-section-items-stretch elementor-section-content-bottom elementor-section-boxed elementor-section-height-default\" data-id=\"41cb8c6c\" data-element_type=\"section\" data-e-type=\"section\" data-settings=\"{&quot;background_background&quot;:&quot;classic&quot;}\">\n\t\t\t\t\t\t<div class=\"elementor-container elementor-column-gap-no\">\n\t\t\t\t\t<div class=\"elementor-column elementor-col-50 elementor-top-column elementor-element elementor-element-1180ed91\" data-id=\"1180ed91\" data-element_type=\"column\" data-e-type=\"column\" data-settings=\"{&quot;background_background&quot;:&quot;classic&quot;}\">\n\t\t\t<div class=\"elementor-widget-wrap elementor-element-populated\">\n\t\t\t\t\t\t<div class=\"elementor-element elementor-element-21854dba elementor-invisible elementor-widget elementor-widget-image-box\" data-id=\"21854dba\" data-element_type=\"widget\" data-e-type=\"widget\" data-settings=\"{&quot;_animation&quot;:&quot;fadeIn&quot;,&quot;_animation_delay&quot;:400}\" data-widget_type=\"image-box.default\">\n\t\t\t\t<div class=\"elementor-widget-container\">\n\t\t\t\t\t<div class=\"elementor-image-box-wrapper\"><div class=\"elementor-image-box-content\"><h3 class=\"elementor-image-box-title\">Maria Petronella Muri Nygren <\/h3><p class=\"elementor-image-box-description\"> Maria Petronella Muri Nygren er skuespiller, dramatiker og instrukt\u00f8r. Hun jobber frilans og p\u00e5 Unge Viken Teater, samt som instrukt\u00f8r i Str\u00f8mmen barne- og ungdomsteater. Maria har de siste \u00e5rene valgt \u00e5 fokusere p\u00e5 \u00e5 produsere og scenetekster for og med barn og ungdom. Maria har nylig v\u00e6rt p\u00e5 turn\u00e9 med stykkene sine: \"Jeg er Kolibri\" og \"Katt savnet\", for ungdom og unge voksne, med Unge Viken Teater. \nI Februar 2022 er hun aktuell med \"Ny p\u00e5 Mars\", som hun ogs\u00e5 har skrevet, en forestilling for barn fra 5 - 12 \u00e5r.  \nMaria er opptatt av \u00e5 samarbeide tett med m\u00e5lgruppa, og m\u00f8te barna og ungdommene p\u00e5 tematikker som treffer dem, og skrive karakterer de selv vil spille og se p\u00e5 scenen.  \nI dette prosjektet skriver Maria p\u00e5 \"Alt er min skyld\". Vi f\u00f8lger Lilo i et mareritt, et mareritt som oppst\u00e5r n\u00e5r hun tar p\u00e5 seg skylden for brorens d\u00f8d og resten av verdens utfordringer. M\u00e5lgruppen er 9 - 16 \u00e5r. Og teksten er utviklet i samarbeid med barn og ungdom i Str\u00f8mmen barne- og ungdomsteater. <\/p><\/div><\/div>\t\t\t\t<\/div>\n\t\t\t\t<\/div>\n\t\t\t\t\t<\/div>\n\t\t<\/div>\n\t\t\t\t<div class=\"elementor-column elementor-col-50 elementor-top-column elementor-element elementor-element-334671a8\" data-id=\"334671a8\" data-element_type=\"column\" data-e-type=\"column\">\n\t\t\t<div class=\"elementor-widget-wrap elementor-element-populated\">\n\t\t\t\t\t\t<div class=\"elementor-element elementor-element-75c9950 elementor-widget elementor-widget-image\" data-id=\"75c9950\" data-element_type=\"widget\" data-e-type=\"widget\" data-widget_type=\"image.default\">\n\t\t\t\t<div class=\"elementor-widget-container\">\n\t\t\t\t\t\t\t\t\t\t\t\t\t\t\t<img decoding=\"async\" width=\"2560\" height=\"1709\" src=\"https:\/\/hugin.fsu.fi\/wp-content\/uploads\/2022\/04\/Maria-Nygren_fotografNicolas-Tourrenc-scaled-1.jpeg\" class=\"attachment-full size-full wp-image-564\" alt=\"\" srcset=\"https:\/\/hugin.fsu.fi\/wp-content\/uploads\/2022\/04\/Maria-Nygren_fotografNicolas-Tourrenc-scaled-1.jpeg 2560w, https:\/\/hugin.fsu.fi\/wp-content\/uploads\/2022\/04\/Maria-Nygren_fotografNicolas-Tourrenc-scaled-1-300x200.jpeg 300w, https:\/\/hugin.fsu.fi\/wp-content\/uploads\/2022\/04\/Maria-Nygren_fotografNicolas-Tourrenc-scaled-1-1024x684.jpeg 1024w, https:\/\/hugin.fsu.fi\/wp-content\/uploads\/2022\/04\/Maria-Nygren_fotografNicolas-Tourrenc-scaled-1-768x513.jpeg 768w, https:\/\/hugin.fsu.fi\/wp-content\/uploads\/2022\/04\/Maria-Nygren_fotografNicolas-Tourrenc-scaled-1-1536x1025.jpeg 1536w, https:\/\/hugin.fsu.fi\/wp-content\/uploads\/2022\/04\/Maria-Nygren_fotografNicolas-Tourrenc-scaled-1-2048x1367.jpeg 2048w\" sizes=\"(max-width: 2560px) 100vw, 2560px\" \/>\t\t\t\t\t\t\t\t\t\t\t\t\t\t\t<\/div>\n\t\t\t\t<\/div>\n\t\t\t\t\t<\/div>\n\t\t<\/div>\n\t\t\t\t\t<\/div>\n\t\t<\/section>\n\t\t\t\t<section class=\"elementor-section elementor-top-section elementor-element elementor-element-aff1828 elementor-section-full_width elementor-section-height-min-height elementor-section-items-stretch elementor-section-content-middle elementor-section-height-default\" data-id=\"aff1828\" data-element_type=\"section\" data-e-type=\"section\" data-settings=\"{&quot;background_background&quot;:&quot;classic&quot;}\">\n\t\t\t\t\t\t<div class=\"elementor-container elementor-column-gap-no\">\n\t\t\t\t\t<div class=\"elementor-column elementor-col-100 elementor-top-column elementor-element elementor-element-2dca3cb\" data-id=\"2dca3cb\" data-element_type=\"column\" data-e-type=\"column\">\n\t\t\t<div class=\"elementor-widget-wrap elementor-element-populated\">\n\t\t\t\t\t\t<div class=\"elementor-element elementor-element-0e207b1 elementor-widget__width-auto elementor-absolute elementor-invisible elementor-widget elementor-widget-image\" data-id=\"0e207b1\" data-element_type=\"widget\" data-e-type=\"widget\" data-settings=\"{&quot;_animation&quot;:&quot;slideInLeft&quot;,&quot;_position&quot;:&quot;absolute&quot;}\" data-widget_type=\"image.default\">\n\t\t\t\t<div class=\"elementor-widget-container\">\n\t\t\t\t\t\t\t\t\t\t\t\t\t\t\t<img decoding=\"async\" width=\"800\" height=\"1000\" src=\"https:\/\/hugin.fsu.fi\/wp-content\/uploads\/2022\/04\/JanneAaseboJohnsen-FotoNATF-819x1024.jpg\" class=\"attachment-large size-large wp-image-791\" alt=\"\" srcset=\"https:\/\/hugin.fsu.fi\/wp-content\/uploads\/2022\/04\/JanneAaseboJohnsen-FotoNATF-819x1024.jpg 819w, https:\/\/hugin.fsu.fi\/wp-content\/uploads\/2022\/04\/JanneAaseboJohnsen-FotoNATF-240x300.jpg 240w, https:\/\/hugin.fsu.fi\/wp-content\/uploads\/2022\/04\/JanneAaseboJohnsen-FotoNATF-768x960.jpg 768w, https:\/\/hugin.fsu.fi\/wp-content\/uploads\/2022\/04\/JanneAaseboJohnsen-FotoNATF-1229x1536.jpg 1229w, https:\/\/hugin.fsu.fi\/wp-content\/uploads\/2022\/04\/JanneAaseboJohnsen-FotoNATF.jpg 1280w\" sizes=\"(max-width: 800px) 100vw, 800px\" \/>\t\t\t\t\t\t\t\t\t\t\t\t\t\t\t<\/div>\n\t\t\t\t<\/div>\n\t\t\t\t<section class=\"elementor-section elementor-inner-section elementor-element elementor-element-2391b5f elementor-section-height-min-height elementor-section-content-middle elementor-section-boxed elementor-section-height-default\" data-id=\"2391b5f\" data-element_type=\"section\" data-e-type=\"section\" data-settings=\"{&quot;background_background&quot;:&quot;classic&quot;}\">\n\t\t\t\t\t\t<div class=\"elementor-container elementor-column-gap-no\">\n\t\t\t\t\t<div class=\"elementor-column elementor-col-100 elementor-inner-column elementor-element elementor-element-d44a6c6\" data-id=\"d44a6c6\" data-element_type=\"column\" data-e-type=\"column\">\n\t\t\t<div class=\"elementor-widget-wrap elementor-element-populated\">\n\t\t\t\t\t\t<div class=\"elementor-element elementor-element-e66ebc2 elementor-invisible elementor-widget elementor-widget-heading\" data-id=\"e66ebc2\" data-element_type=\"widget\" data-e-type=\"widget\" data-settings=\"{&quot;_animation&quot;:&quot;fadeIn&quot;}\" data-widget_type=\"heading.default\">\n\t\t\t\t<div class=\"elementor-widget-container\">\n\t\t\t\t\t<h2 class=\"elementor-heading-title elementor-size-default\">Janne Aaseb\u00f8 Johnsen <\/h2>\t\t\t\t<\/div>\n\t\t\t\t<\/div>\n\t\t\t\t<div class=\"elementor-element elementor-element-a0d7752 elementor-invisible elementor-widget elementor-widget-text-editor\" data-id=\"a0d7752\" data-element_type=\"widget\" data-e-type=\"widget\" data-settings=\"{&quot;_animation&quot;:&quot;fadeIn&quot;,&quot;_animation_delay&quot;:200}\" data-widget_type=\"text-editor.default\">\n\t\t\t\t<div class=\"elementor-widget-container\">\n\t\t\t\t\t\t\t\t\t<p><span data-contrast=\"none\">Janne Aaseb\u00f8 Johnsen er rektor, forfatter, dramatiker og forlegger. Hun har skrevet 55 b\u00f8ker for barn og unge og 13 skuespill. Hun er fast dramatiker for Kulturhjerte p\u00e5 Lillehammer.<\/span><span data-contrast=\"none\">\u00a0Kulturhjerte er en m\u00f8teplass og en utviklingsarena for unge og voksne Lillehamringer fra hele verden. Vi m\u00f8tes hver uke og lager forestilinger som skal vise hvem vi er. Janne er styreleder i Norsk amat\u00f8rteaterforbund og styremedlem i Lillehammer amat\u00f8rteater.\u00a0<\/span><span data-ccp-props=\"{\">\u00a0<\/span><\/p><p><span data-contrast=\"none\">Referansegrupper for Hugin\/Muninprosjektet er barn og unge i Kulturhjerte, Lillehammer amat\u00f8rteater og ungdomslaget Henrik Wergelands minne.<\/span>\u00a0<br \/><span data-ccp-props=\"{\">\u00a0<\/span><\/p>\t\t\t\t\t\t\t\t<\/div>\n\t\t\t\t<\/div>\n\t\t\t\t\t<\/div>\n\t\t<\/div>\n\t\t\t\t\t<\/div>\n\t\t<\/section>\n\t\t\t\t\t<\/div>\n\t\t<\/div>\n\t\t\t\t\t<\/div>\n\t\t<\/section>\n\t\t\t\t<section class=\"elementor-section elementor-top-section elementor-element elementor-element-64f1749 elementor-section-height-min-height elementor-section-items-stretch elementor-section-content-middle elementor-section-boxed elementor-section-height-default\" data-id=\"64f1749\" data-element_type=\"section\" data-e-type=\"section\" data-settings=\"{&quot;background_background&quot;:&quot;classic&quot;}\">\n\t\t\t\t\t\t\t<div class=\"elementor-background-overlay\"><\/div>\n\t\t\t\t\t\t\t<div class=\"elementor-container elementor-column-gap-no\">\n\t\t\t\t\t<div class=\"elementor-column elementor-col-50 elementor-top-column elementor-element elementor-element-089dadd\" data-id=\"089dadd\" data-element_type=\"column\" data-e-type=\"column\" data-settings=\"{&quot;background_background&quot;:&quot;classic&quot;}\">\n\t\t\t<div class=\"elementor-widget-wrap elementor-element-populated\">\n\t\t\t\t\t\t<div class=\"elementor-element elementor-element-c221435 elementor-invisible elementor-widget elementor-widget-heading\" data-id=\"c221435\" data-element_type=\"widget\" data-e-type=\"widget\" data-settings=\"{&quot;_animation&quot;:&quot;fadeIn&quot;,&quot;_animation_delay&quot;:400}\" data-widget_type=\"heading.default\">\n\t\t\t\t<div class=\"elementor-widget-container\">\n\t\t\t\t\t<h2 class=\"elementor-heading-title elementor-size-default\">Harriet Abrahamsson <\/h2>\t\t\t\t<\/div>\n\t\t\t\t<\/div>\n\t\t\t\t<div class=\"elementor-element elementor-element-b6ae2af elementor-invisible elementor-widget elementor-widget-text-editor\" data-id=\"b6ae2af\" data-element_type=\"widget\" data-e-type=\"widget\" data-settings=\"{&quot;_animation&quot;:&quot;fadeIn&quot;,&quot;_animation_delay&quot;:600}\" data-widget_type=\"text-editor.default\">\n\t\t\t\t<div class=\"elementor-widget-container\">\n\t\t\t\t\t\t\t\t\t<p><span class=\"TextRun SCXW213173833 BCX0\" lang=\"SV-SE\" xml:lang=\"SV-SE\" data-contrast=\"none\"><span class=\"NormalTextRun SCXW213173833 BCX0\">Harriet Abrahamsson \u00e4r dramatiker, sk\u00e5despelare och arbetar \u00e4ven som teaterpedagog. Hon bor i Helsingfors och har skrivit ca 10 pj\u00e4ser f\u00f6r professionella scener i Finland. Hennes senaste pj\u00e4ser har ber\u00f6rt fr\u00e5gor som identitet, naturens juridiska r\u00e4ttigheter och hur vi bem\u00f6ter flyktingar. Harriet har specialiserat sig p\u00e5 tv\u00e4rkonstn\u00e4rliga, kollaborativa arbetsmetoder. Hon har ocks\u00e5 skrivit och skapat f\u00f6rest\u00e4llningar tillsammans med andra. I sitt arbete funderar hon ofta p\u00e5 hur formerna f\u00f6r en teatertext kan se ut i v\u00e5r samtid. Dialog och samarbete \u00e4r ord som hon h\u00e5ller n\u00e4ra hj\u00e4rtat. Hennes referensgrupp kommer fr\u00e5n Teaterskolan i Esbo och dras av Petra <\/span><span class=\"SpellingError SCXW213173833 BCX0\">Norrg\u00e5rd<\/span><span class=\"NormalTextRun SCXW213173833 BCX0\">. Harriet gillar att l\u00e5ngf\u00e4rdsskrinna p\u00e5 vintern och att simma och paddla p\u00e5 sommaren. Att tr\u00e4ffa v\u00e4nner gillar hon allra mest.<\/span><\/span><span class=\"EOP SCXW213173833 BCX0\" data-ccp-props=\"{&quot;201341983&quot;:0,&quot;335559739&quot;:160,&quot;335559740&quot;:259}\">\u00a0<\/span><\/p>\t\t\t\t\t\t\t\t<\/div>\n\t\t\t\t<\/div>\n\t\t\t\t\t<\/div>\n\t\t<\/div>\n\t\t\t\t<div class=\"elementor-column elementor-col-50 elementor-top-column elementor-element elementor-element-4160551\" data-id=\"4160551\" data-element_type=\"column\" data-e-type=\"column\" data-settings=\"{&quot;background_background&quot;:&quot;classic&quot;}\">\n\t\t\t<div class=\"elementor-widget-wrap elementor-element-populated\">\n\t\t\t\t\t\t<div class=\"elementor-element elementor-element-942362d elementor-widget elementor-widget-image\" data-id=\"942362d\" data-element_type=\"widget\" data-e-type=\"widget\" data-widget_type=\"image.default\">\n\t\t\t\t<div class=\"elementor-widget-container\">\n\t\t\t\t\t\t\t\t\t\t\t\t\t\t\t<img loading=\"lazy\" decoding=\"async\" width=\"2560\" height=\"1707\" src=\"https:\/\/hugin.fsu.fi\/wp-content\/uploads\/2022\/04\/Harriet-Abrahamsson-fotoSaraForsius-scaled.jpg\" class=\"attachment-full size-full wp-image-561\" alt=\"\" srcset=\"https:\/\/hugin.fsu.fi\/wp-content\/uploads\/2022\/04\/Harriet-Abrahamsson-fotoSaraForsius-scaled.jpg 2560w, https:\/\/hugin.fsu.fi\/wp-content\/uploads\/2022\/04\/Harriet-Abrahamsson-fotoSaraForsius-300x200.jpg 300w, https:\/\/hugin.fsu.fi\/wp-content\/uploads\/2022\/04\/Harriet-Abrahamsson-fotoSaraForsius-1024x683.jpg 1024w, https:\/\/hugin.fsu.fi\/wp-content\/uploads\/2022\/04\/Harriet-Abrahamsson-fotoSaraForsius-768x512.jpg 768w, https:\/\/hugin.fsu.fi\/wp-content\/uploads\/2022\/04\/Harriet-Abrahamsson-fotoSaraForsius-1536x1024.jpg 1536w, https:\/\/hugin.fsu.fi\/wp-content\/uploads\/2022\/04\/Harriet-Abrahamsson-fotoSaraForsius-2048x1365.jpg 2048w\" sizes=\"(max-width: 2560px) 100vw, 2560px\" \/>\t\t\t\t\t\t\t\t\t\t\t\t\t\t\t<\/div>\n\t\t\t\t<\/div>\n\t\t\t\t\t<\/div>\n\t\t<\/div>\n\t\t\t\t\t<\/div>\n\t\t<\/section>\n\t\t\t\t<\/div>\n\t\t","protected":false},"excerpt":{"rendered":"<p>F\u00f6rfattare H\u00e4r kan du l\u00e4sa mer om v\u00e5ra f\u00f6rfattare. Alla har de p\u00e5 olika s\u00e4tt skrivit sina pj\u00e4ser i dialog med referensgrupper, f\u00f6r att inspireras av, f\u00e5 respons av och v\u00e4ssa sina ber\u00e4ttelser tillsammans med barn L\u00e4s synopsis Anna Nygren Anna Nygren \u00e4r verksam som dramatiker, f\u00f6rfattare och l\u00e4rare, i G\u00f6teborg. Den senaste pj\u00e4s hon [&hellip;]<\/p>\n","protected":false},"author":2,"featured_media":0,"parent":0,"menu_order":0,"comment_status":"closed","ping_status":"closed","template":"","meta":{"footnotes":""},"class_list":["post-386","page","type-page","status-publish","hentry"],"_links":{"self":[{"href":"https:\/\/hugin.fsu.fi\/index.php\/wp-json\/wp\/v2\/pages\/386","targetHints":{"allow":["GET"]}}],"collection":[{"href":"https:\/\/hugin.fsu.fi\/index.php\/wp-json\/wp\/v2\/pages"}],"about":[{"href":"https:\/\/hugin.fsu.fi\/index.php\/wp-json\/wp\/v2\/types\/page"}],"author":[{"embeddable":true,"href":"https:\/\/hugin.fsu.fi\/index.php\/wp-json\/wp\/v2\/users\/2"}],"replies":[{"embeddable":true,"href":"https:\/\/hugin.fsu.fi\/index.php\/wp-json\/wp\/v2\/comments?post=386"}],"version-history":[{"count":88,"href":"https:\/\/hugin.fsu.fi\/index.php\/wp-json\/wp\/v2\/pages\/386\/revisions"}],"predecessor-version":[{"id":1663,"href":"https:\/\/hugin.fsu.fi\/index.php\/wp-json\/wp\/v2\/pages\/386\/revisions\/1663"}],"wp:attachment":[{"href":"https:\/\/hugin.fsu.fi\/index.php\/wp-json\/wp\/v2\/media?parent=386"}],"curies":[{"name":"wp","href":"https:\/\/api.w.org\/{rel}","templated":true}]}}