{"id":380,"date":"2022-04-20T14:14:20","date_gmt":"2022-04-20T14:14:20","guid":{"rendered":"http:\/\/hugin.fsu.fi\/?page_id=380"},"modified":"2022-05-16T12:02:30","modified_gmt":"2022-05-16T12:02:30","slug":"om-hugin-munin","status":"publish","type":"page","link":"https:\/\/hugin.fsu.fi\/index.php\/om-hugin-munin\/","title":{"rendered":"Om hugin\/munin"},"content":{"rendered":"\t\t<div data-elementor-type=\"wp-page\" data-elementor-id=\"380\" class=\"elementor elementor-380\" data-elementor-post-type=\"page\">\n\t\t\t\t\t\t<section class=\"elementor-section elementor-top-section elementor-element elementor-element-ca10acf elementor-section-boxed elementor-section-height-default elementor-section-height-default\" data-id=\"ca10acf\" data-element_type=\"section\" data-e-type=\"section\" data-settings=\"{&quot;background_background&quot;:&quot;classic&quot;}\">\n\t\t\t\t\t\t\t<div class=\"elementor-background-overlay\"><\/div>\n\t\t\t\t\t\t\t<div class=\"elementor-container elementor-column-gap-default\">\n\t\t\t\t\t<div class=\"elementor-column elementor-col-100 elementor-top-column elementor-element elementor-element-9a2bed4\" data-id=\"9a2bed4\" data-element_type=\"column\" data-e-type=\"column\">\n\t\t\t<div class=\"elementor-widget-wrap elementor-element-populated\">\n\t\t\t\t\t\t<div class=\"elementor-element elementor-element-23ce4ee elementor-widget elementor-widget-heading\" data-id=\"23ce4ee\" data-element_type=\"widget\" data-e-type=\"widget\" data-widget_type=\"heading.default\">\n\t\t\t\t<div class=\"elementor-widget-container\">\n\t\t\t\t\t<h2 class=\"elementor-heading-title elementor-size-default\">Om Hugin\/Munin<\/h2>\t\t\t\t<\/div>\n\t\t\t\t<\/div>\n\t\t\t\t<div class=\"elementor-element elementor-element-b12c401 elementor-widget elementor-widget-text-editor\" data-id=\"b12c401\" data-element_type=\"widget\" data-e-type=\"widget\" data-widget_type=\"text-editor.default\">\n\t\t\t\t<div class=\"elementor-widget-container\">\n\t\t\t\t\t\t\t\t\t<p>Nordiskt manusprojekt f\u00f6r barn och unga<\/p>\t\t\t\t\t\t\t\t<\/div>\n\t\t\t\t<\/div>\n\t\t\t\t\t<\/div>\n\t\t<\/div>\n\t\t\t\t\t<\/div>\n\t\t<\/section>\n\t\t\t\t<section class=\"elementor-section elementor-top-section elementor-element elementor-element-98c51f6 elementor-section-boxed elementor-section-height-default elementor-section-height-default\" data-id=\"98c51f6\" data-element_type=\"section\" data-e-type=\"section\">\n\t\t\t\t\t\t<div class=\"elementor-container elementor-column-gap-no\">\n\t\t\t\t\t<div class=\"elementor-column elementor-col-100 elementor-top-column elementor-element elementor-element-2a7d671\" data-id=\"2a7d671\" data-element_type=\"column\" data-e-type=\"column\">\n\t\t\t<div class=\"elementor-widget-wrap elementor-element-populated\">\n\t\t\t\t\t\t<div class=\"elementor-element elementor-element-060450b elementor-widget elementor-widget-heading\" data-id=\"060450b\" data-element_type=\"widget\" data-e-type=\"widget\" data-widget_type=\"heading.default\">\n\t\t\t\t<div class=\"elementor-widget-container\">\n\t\t\t\t\t<h2 class=\"elementor-heading-title elementor-size-default\">Hugin\/Munin<\/h2>\t\t\t\t<\/div>\n\t\t\t\t<\/div>\n\t\t\t\t<section class=\"elementor-section elementor-inner-section elementor-element elementor-element-cab5f9c elementor-section-boxed elementor-section-height-default elementor-section-height-default\" data-id=\"cab5f9c\" data-element_type=\"section\" data-e-type=\"section\">\n\t\t\t\t\t\t<div class=\"elementor-container elementor-column-gap-default\">\n\t\t\t\t\t<div class=\"elementor-column elementor-col-50 elementor-inner-column elementor-element elementor-element-b6a0051\" data-id=\"b6a0051\" data-element_type=\"column\" data-e-type=\"column\">\n\t\t\t<div class=\"elementor-widget-wrap elementor-element-populated\">\n\t\t\t\t\t\t<div class=\"elementor-element elementor-element-8478fa1 elementor-widget elementor-widget-text-editor\" data-id=\"8478fa1\" data-element_type=\"widget\" data-e-type=\"widget\" data-widget_type=\"text-editor.default\">\n\t\t\t\t<div class=\"elementor-widget-container\">\n\t\t\t\t\t\t\t\t\t<p><strong><span class=\"TextRun SCXW195000541 BCX0\" lang=\"SV-SE\" xml:lang=\"SV-SE\" data-contrast=\"none\"><span class=\"NormalTextRun SCXW195000541 BCX0\">Hugin och Munin \u00e4r den gamle nordiska guden Odens tv\u00e5 korpar, som flyger ut i v\u00e4rlden och \u00e5terkommer med ber\u00e4ttelser om den. <\/span><\/span><\/strong><\/p><p><span class=\"TextRun SCXW195000541 BCX0\" lang=\"SV-SE\" xml:lang=\"SV-SE\" data-contrast=\"none\"><span class=\"NormalTextRun SCXW195000541 BCX0\">Hur \u00e4r det egentligen att leva i v\u00e4rlden idag, vad h\u00e4nder i den? Och hur ser barns tillvaro ut? I v\u00e5rt nordiska samarbetsprojekt Hugin\/Munin vill vi skapa nya ber\u00e4ttelser i pj\u00e4sform som teaterspelande barn kan ta sig an och framf\u00f6ra p\u00e5 scen.<\/span><\/span><\/p><p><span class=\"TextRun SCXW195000541 BCX0\" lang=\"SV-SE\" xml:lang=\"SV-SE\" data-contrast=\"none\"><span class=\"NormalTextRun SCXW195000541 BCX0\"> Projektet drivs av \u00e5tta organisationer i Norge, Sverige och svensktalande Finland. Vi \u00e4r en blandning av amat\u00f6rteaterorganisationer, teaterf\u00f6rlag och andra organisationer som tillsamman vill skapa fler och sp\u00e4nnande manus f\u00f6r barn 9-15 \u00e5r.<\/span><\/span><span class=\"EOP SCXW195000541 BCX0\" data-ccp-props=\"{\">\u00a0<\/span><\/p>\t\t\t\t\t\t\t\t<\/div>\n\t\t\t\t<\/div>\n\t\t\t\t\t<\/div>\n\t\t<\/div>\n\t\t\t\t<div class=\"elementor-column elementor-col-50 elementor-inner-column elementor-element elementor-element-c81a576\" data-id=\"c81a576\" data-element_type=\"column\" data-e-type=\"column\">\n\t\t\t<div class=\"elementor-widget-wrap elementor-element-populated\">\n\t\t\t\t\t\t<div class=\"elementor-element elementor-element-3982b91 elementor-widget elementor-widget-text-editor\" data-id=\"3982b91\" data-element_type=\"widget\" data-e-type=\"widget\" data-widget_type=\"text-editor.default\">\n\t\t\t\t<div class=\"elementor-widget-container\">\n\t\t\t\t\t\t\t\t\t<p><span data-contrast=\"none\">Under projektets f\u00f6rsta \u00e5r, 2021-2022, har professionella f\u00f6rfattare i v\u00e5ra tre l\u00e4nder skrivit manus i dialog med barngrupper i \u00e5ldrarna 9-15 \u00e5r. Metoderna f\u00f6r dialogen har varierat och vi kommer att samla erfarenheterna till en skrift och samtala om dem vid v\u00e5r konferens i Helsingfors i april 2023.&nbsp;<\/span><\/p><p><span data-contrast=\"none\">Men f\u00f6rst kommer sammanlagt ett trettiotal nordiska barngrupper f\u00e5 m\u00f6jlighet att spela pj\u00e4serna gratis. De kommer ocks\u00e5 kunna delta i en digital tr\u00e4ff med respektive dramatiker samt andra pedagoger i de tre l\u00e4nder som ska spela samma pj\u00e4s.&nbsp;&nbsp; Under sommaren 2022 \u00f6vers\u00e4tts manusen mellan svenska och norska men redan fr\u00e5n och med april 2022 finns pj\u00e4serna h\u00e4r att best\u00e4lla hem f\u00f6r l\u00e4sning och i maj kan man b\u00f6rja ans\u00f6ka om spelr\u00e4ttigheter.<\/span><\/p>\t\t\t\t\t\t\t\t<\/div>\n\t\t\t\t<\/div>\n\t\t\t\t\t<\/div>\n\t\t<\/div>\n\t\t\t\t\t<\/div>\n\t\t<\/section>\n\t\t\t\t\t<\/div>\n\t\t<\/div>\n\t\t\t\t\t<\/div>\n\t\t<\/section>\n\t\t\t\t<section class=\"elementor-section elementor-top-section elementor-element elementor-element-875f02a elementor-section-boxed elementor-section-height-default elementor-section-height-default\" data-id=\"875f02a\" data-element_type=\"section\" data-e-type=\"section\" data-settings=\"{&quot;background_background&quot;:&quot;classic&quot;}\">\n\t\t\t\t\t\t\t<div class=\"elementor-background-overlay\"><\/div>\n\t\t\t\t\t\t\t<div class=\"elementor-container elementor-column-gap-default\">\n\t\t\t\t\t<div class=\"elementor-column elementor-col-100 elementor-top-column elementor-element elementor-element-9edd2c9\" data-id=\"9edd2c9\" data-element_type=\"column\" data-e-type=\"column\">\n\t\t\t<div class=\"elementor-widget-wrap elementor-element-populated\">\n\t\t\t\t\t\t<div class=\"elementor-element elementor-element-d1ebda9 elementor-widget elementor-widget-heading\" data-id=\"d1ebda9\" data-element_type=\"widget\" data-e-type=\"widget\" data-widget_type=\"heading.default\">\n\t\t\t\t<div class=\"elementor-widget-container\">\n\t\t\t\t\t<h2 class=\"elementor-heading-title elementor-size-default\">Bidragsgivare<\/h2>\t\t\t\t<\/div>\n\t\t\t\t<\/div>\n\t\t\t\t<div class=\"elementor-element elementor-element-b2d68da elementor-widget elementor-widget-text-editor\" data-id=\"b2d68da\" data-element_type=\"widget\" data-e-type=\"widget\" data-widget_type=\"text-editor.default\">\n\t\t\t\t<div class=\"elementor-widget-container\">\n\t\t\t\t\t\t\t\t\t<p><span data-contrast=\"none\">St\u00f6det f\u00f6r projektet kommer fr\u00e5n flera h\u00e5ll; fr\u00e5n Nordisk Kulturfond, Nordisk Kulturkontakt, Svenska Kulturfonden i Finland, Letterstedtska f\u00f6reningen och m\u00e5nga fler. F\u00f6lj med oss p\u00e5 resan fram till sommaren 2023, och efter det finns pj\u00e4serna f\u00f6rst\u00e5s kvar, och till utl\u00e5ning fr\u00e5n v\u00e5ra pj\u00e4sbanker i Norge, Finland och Sverige!<\/span><span data-ccp-props=\"{&quot;201341983&quot;:0,&quot;335559739&quot;:160,&quot;335559740&quot;:259}\">\u00a0<\/span><\/p>\t\t\t\t\t\t\t\t<\/div>\n\t\t\t\t<\/div>\n\t\t\t\t\t<\/div>\n\t\t<\/div>\n\t\t\t\t\t<\/div>\n\t\t<\/section>\n\t\t\t\t<section class=\"elementor-section elementor-top-section elementor-element elementor-element-048960f elementor-section-content-middle elementor-section-boxed elementor-section-height-default elementor-section-height-default\" data-id=\"048960f\" data-element_type=\"section\" data-e-type=\"section\">\n\t\t\t\t\t\t<div class=\"elementor-container elementor-column-gap-no\">\n\t\t\t\t\t<div class=\"elementor-column elementor-col-100 elementor-top-column elementor-element elementor-element-2f06954\" data-id=\"2f06954\" data-element_type=\"column\" data-e-type=\"column\">\n\t\t\t<div class=\"elementor-widget-wrap elementor-element-populated\">\n\t\t\t\t\t\t<section class=\"elementor-section elementor-inner-section elementor-element elementor-element-95f8317 elementor-section-content-middle elementor-section-boxed elementor-section-height-default elementor-section-height-default\" data-id=\"95f8317\" data-element_type=\"section\" data-e-type=\"section\">\n\t\t\t\t\t\t<div class=\"elementor-container elementor-column-gap-no\">\n\t\t\t\t\t<div class=\"elementor-column elementor-col-20 elementor-inner-column elementor-element elementor-element-7001ab9\" data-id=\"7001ab9\" data-element_type=\"column\" data-e-type=\"column\">\n\t\t\t<div class=\"elementor-widget-wrap elementor-element-populated\">\n\t\t\t\t\t\t<div class=\"elementor-element elementor-element-9b95dcf elementor-widget elementor-widget-image\" data-id=\"9b95dcf\" data-element_type=\"widget\" data-e-type=\"widget\" data-widget_type=\"image.default\">\n\t\t\t\t<div class=\"elementor-widget-container\">\n\t\t\t\t\t\t\t\t\t\t\t\t\t\t\t<img fetchpriority=\"high\" decoding=\"async\" width=\"800\" height=\"200\" src=\"https:\/\/hugin.fsu.fi\/wp-content\/uploads\/2022\/05\/Konstsamfundet_farg_CMYK1024_1.jpg\" class=\"attachment-large size-large wp-image-1678\" alt=\"\" srcset=\"https:\/\/hugin.fsu.fi\/wp-content\/uploads\/2022\/05\/Konstsamfundet_farg_CMYK1024_1.jpg 1024w, https:\/\/hugin.fsu.fi\/wp-content\/uploads\/2022\/05\/Konstsamfundet_farg_CMYK1024_1-300x75.jpg 300w, https:\/\/hugin.fsu.fi\/wp-content\/uploads\/2022\/05\/Konstsamfundet_farg_CMYK1024_1-768x192.jpg 768w\" sizes=\"(max-width: 800px) 100vw, 800px\" \/>\t\t\t\t\t\t\t\t\t\t\t\t\t\t\t<\/div>\n\t\t\t\t<\/div>\n\t\t\t\t\t<\/div>\n\t\t<\/div>\n\t\t\t\t<div class=\"elementor-column elementor-col-20 elementor-inner-column elementor-element elementor-element-32b49aa\" data-id=\"32b49aa\" data-element_type=\"column\" data-e-type=\"column\">\n\t\t\t<div class=\"elementor-widget-wrap elementor-element-populated\">\n\t\t\t\t\t\t<div class=\"elementor-element elementor-element-fad1027 elementor-widget elementor-widget-image\" data-id=\"fad1027\" data-element_type=\"widget\" data-e-type=\"widget\" data-widget_type=\"image.default\">\n\t\t\t\t<div class=\"elementor-widget-container\">\n\t\t\t\t\t\t\t\t\t\t\t\t\t\t\t<img decoding=\"async\" width=\"800\" height=\"191\" src=\"https:\/\/hugin.fsu.fi\/wp-content\/uploads\/2022\/04\/nordiskkulturfond_black_rgb-1024x245.png\" class=\"attachment-large size-large wp-image-859\" alt=\"\" srcset=\"https:\/\/hugin.fsu.fi\/wp-content\/uploads\/2022\/04\/nordiskkulturfond_black_rgb-1024x245.png 1024w, https:\/\/hugin.fsu.fi\/wp-content\/uploads\/2022\/04\/nordiskkulturfond_black_rgb-300x72.png 300w, https:\/\/hugin.fsu.fi\/wp-content\/uploads\/2022\/04\/nordiskkulturfond_black_rgb-768x184.png 768w, https:\/\/hugin.fsu.fi\/wp-content\/uploads\/2022\/04\/nordiskkulturfond_black_rgb.png 1181w\" sizes=\"(max-width: 800px) 100vw, 800px\" \/>\t\t\t\t\t\t\t\t\t\t\t\t\t\t\t<\/div>\n\t\t\t\t<\/div>\n\t\t\t\t\t<\/div>\n\t\t<\/div>\n\t\t\t\t<div class=\"elementor-column elementor-col-20 elementor-inner-column elementor-element elementor-element-da28fe6\" data-id=\"da28fe6\" data-element_type=\"column\" data-e-type=\"column\">\n\t\t\t<div class=\"elementor-widget-wrap elementor-element-populated\">\n\t\t\t\t\t\t<div class=\"elementor-element elementor-element-60ce484 elementor-widget elementor-widget-image\" data-id=\"60ce484\" data-element_type=\"widget\" data-e-type=\"widget\" data-widget_type=\"image.default\">\n\t\t\t\t<div class=\"elementor-widget-container\">\n\t\t\t\t\t\t\t\t\t\t\t\t\t\t\t<img decoding=\"async\" width=\"800\" height=\"226\" src=\"https:\/\/hugin.fsu.fi\/wp-content\/uploads\/2022\/04\/NMR-Logotype-RGB-DK-NO-BLUE-1024x289.png\" class=\"attachment-large size-large wp-image-860\" alt=\"\" srcset=\"https:\/\/hugin.fsu.fi\/wp-content\/uploads\/2022\/04\/NMR-Logotype-RGB-DK-NO-BLUE-1024x289.png 1024w, https:\/\/hugin.fsu.fi\/wp-content\/uploads\/2022\/04\/NMR-Logotype-RGB-DK-NO-BLUE-300x85.png 300w, https:\/\/hugin.fsu.fi\/wp-content\/uploads\/2022\/04\/NMR-Logotype-RGB-DK-NO-BLUE-768x217.png 768w, https:\/\/hugin.fsu.fi\/wp-content\/uploads\/2022\/04\/NMR-Logotype-RGB-DK-NO-BLUE.png 1287w\" sizes=\"(max-width: 800px) 100vw, 800px\" \/>\t\t\t\t\t\t\t\t\t\t\t\t\t\t\t<\/div>\n\t\t\t\t<\/div>\n\t\t\t\t\t<\/div>\n\t\t<\/div>\n\t\t\t\t<div class=\"elementor-column elementor-col-20 elementor-inner-column elementor-element elementor-element-a974c62\" data-id=\"a974c62\" data-element_type=\"column\" data-e-type=\"column\">\n\t\t\t<div class=\"elementor-widget-wrap elementor-element-populated\">\n\t\t\t\t\t\t<div class=\"elementor-element elementor-element-13b3b1b elementor-widget elementor-widget-image\" data-id=\"13b3b1b\" data-element_type=\"widget\" data-e-type=\"widget\" data-widget_type=\"image.default\">\n\t\t\t\t<div class=\"elementor-widget-container\">\n\t\t\t\t\t\t\t\t\t\t\t\t\t\t\t<img loading=\"lazy\" decoding=\"async\" width=\"800\" height=\"193\" src=\"https:\/\/hugin.fsu.fi\/wp-content\/uploads\/2022\/04\/Svenska_kulturfonden_logo_horisontell_svart_RGB.png\" class=\"attachment-large size-large wp-image-862\" alt=\"\" srcset=\"https:\/\/hugin.fsu.fi\/wp-content\/uploads\/2022\/04\/Svenska_kulturfonden_logo_horisontell_svart_RGB.png 998w, https:\/\/hugin.fsu.fi\/wp-content\/uploads\/2022\/04\/Svenska_kulturfonden_logo_horisontell_svart_RGB-300x72.png 300w, https:\/\/hugin.fsu.fi\/wp-content\/uploads\/2022\/04\/Svenska_kulturfonden_logo_horisontell_svart_RGB-768x185.png 768w\" sizes=\"(max-width: 800px) 100vw, 800px\" \/>\t\t\t\t\t\t\t\t\t\t\t\t\t\t\t<\/div>\n\t\t\t\t<\/div>\n\t\t\t\t\t<\/div>\n\t\t<\/div>\n\t\t\t\t<div class=\"elementor-column elementor-col-20 elementor-inner-column elementor-element elementor-element-77cc579\" data-id=\"77cc579\" data-element_type=\"column\" data-e-type=\"column\">\n\t\t\t<div class=\"elementor-widget-wrap elementor-element-populated\">\n\t\t\t\t\t\t<div class=\"elementor-element elementor-element-bc2b3bb elementor-widget elementor-widget-image\" data-id=\"bc2b3bb\" data-element_type=\"widget\" data-e-type=\"widget\" data-widget_type=\"image.default\">\n\t\t\t\t<div class=\"elementor-widget-container\">\n\t\t\t\t\t\t\t\t\t\t\t\t\t\t\t<img loading=\"lazy\" decoding=\"async\" width=\"800\" height=\"198\" src=\"https:\/\/hugin.fsu.fi\/wp-content\/uploads\/2022\/04\/NMR-Logotype-CMYK-SV-BLUE-1024x253.png\" class=\"attachment-large size-large wp-image-861\" alt=\"\" srcset=\"https:\/\/hugin.fsu.fi\/wp-content\/uploads\/2022\/04\/NMR-Logotype-CMYK-SV-BLUE-1024x253.png 1024w, https:\/\/hugin.fsu.fi\/wp-content\/uploads\/2022\/04\/NMR-Logotype-CMYK-SV-BLUE-300x74.png 300w, https:\/\/hugin.fsu.fi\/wp-content\/uploads\/2022\/04\/NMR-Logotype-CMYK-SV-BLUE-768x189.png 768w, https:\/\/hugin.fsu.fi\/wp-content\/uploads\/2022\/04\/NMR-Logotype-CMYK-SV-BLUE.png 1472w\" sizes=\"(max-width: 800px) 100vw, 800px\" \/>\t\t\t\t\t\t\t\t\t\t\t\t\t\t\t<\/div>\n\t\t\t\t<\/div>\n\t\t\t\t\t<\/div>\n\t\t<\/div>\n\t\t\t\t\t<\/div>\n\t\t<\/section>\n\t\t\t\t\t<\/div>\n\t\t<\/div>\n\t\t\t\t\t<\/div>\n\t\t<\/section>\n\t\t\t\t<\/div>\n\t\t","protected":false},"excerpt":{"rendered":"<p>Om Hugin\/Munin Nordiskt manusprojekt f\u00f6r barn och unga Hugin\/Munin Hugin och Munin \u00e4r den gamle nordiska guden Odens tv\u00e5 korpar, som flyger ut i v\u00e4rlden och \u00e5terkommer med ber\u00e4ttelser om den. Hur \u00e4r det egentligen att leva i v\u00e4rlden idag, vad h\u00e4nder i den? Och hur ser barns tillvaro ut? I v\u00e5rt nordiska samarbetsprojekt Hugin\/Munin [&hellip;]<\/p>\n","protected":false},"author":2,"featured_media":0,"parent":0,"menu_order":0,"comment_status":"closed","ping_status":"closed","template":"","meta":{"footnotes":""},"class_list":["post-380","page","type-page","status-publish","hentry"],"_links":{"self":[{"href":"https:\/\/hugin.fsu.fi\/index.php\/wp-json\/wp\/v2\/pages\/380","targetHints":{"allow":["GET"]}}],"collection":[{"href":"https:\/\/hugin.fsu.fi\/index.php\/wp-json\/wp\/v2\/pages"}],"about":[{"href":"https:\/\/hugin.fsu.fi\/index.php\/wp-json\/wp\/v2\/types\/page"}],"author":[{"embeddable":true,"href":"https:\/\/hugin.fsu.fi\/index.php\/wp-json\/wp\/v2\/users\/2"}],"replies":[{"embeddable":true,"href":"https:\/\/hugin.fsu.fi\/index.php\/wp-json\/wp\/v2\/comments?post=380"}],"version-history":[{"count":127,"href":"https:\/\/hugin.fsu.fi\/index.php\/wp-json\/wp\/v2\/pages\/380\/revisions"}],"predecessor-version":[{"id":1681,"href":"https:\/\/hugin.fsu.fi\/index.php\/wp-json\/wp\/v2\/pages\/380\/revisions\/1681"}],"wp:attachment":[{"href":"https:\/\/hugin.fsu.fi\/index.php\/wp-json\/wp\/v2\/media?parent=380"}],"curies":[{"name":"wp","href":"https:\/\/api.w.org\/{rel}","templated":true}]}}