{"id":1232,"date":"2022-04-25T13:03:41","date_gmt":"2022-04-25T13:03:41","guid":{"rendered":"http:\/\/hugin.fsu.fi\/?page_id=1232"},"modified":"2022-04-27T16:43:19","modified_gmt":"2022-04-27T16:43:19","slug":"sverige","status":"publish","type":"page","link":"http:\/\/hugin.fsu.fi\/index.php\/sverige\/","title":{"rendered":"Sverige"},"content":{"rendered":"\t\t<div data-elementor-type=\"wp-page\" data-elementor-id=\"1232\" class=\"elementor elementor-1232\" data-elementor-post-type=\"page\">\n\t\t\t\t\t\t<section class=\"elementor-section elementor-top-section elementor-element elementor-element-7771309 elementor-section-boxed elementor-section-height-default elementor-section-height-default\" data-id=\"7771309\" data-element_type=\"section\" data-e-type=\"section\">\n\t\t\t\t\t\t<div class=\"elementor-container elementor-column-gap-default\">\n\t\t\t\t\t<div class=\"elementor-column elementor-col-100 elementor-top-column elementor-element elementor-element-0561a5c\" data-id=\"0561a5c\" data-element_type=\"column\" data-e-type=\"column\">\n\t\t\t<div class=\"elementor-widget-wrap elementor-element-populated\">\n\t\t\t\t\t\t\t<\/div>\n\t\t<\/div>\n\t\t\t\t\t<\/div>\n\t\t<\/section>\n\t\t\t\t<section class=\"elementor-section elementor-top-section elementor-element elementor-element-94666d3 elementor-section-content-middle elementor-section-boxed elementor-section-height-default elementor-section-height-default\" data-id=\"94666d3\" data-element_type=\"section\" data-e-type=\"section\" data-settings=\"{&quot;background_background&quot;:&quot;classic&quot;}\">\n\t\t\t\t\t\t\t<div class=\"elementor-background-overlay\"><\/div>\n\t\t\t\t\t\t\t<div class=\"elementor-container elementor-column-gap-no\">\n\t\t\t\t\t<div class=\"elementor-column elementor-col-100 elementor-top-column elementor-element elementor-element-db6c359\" data-id=\"db6c359\" data-element_type=\"column\" data-e-type=\"column\">\n\t\t\t<div class=\"elementor-widget-wrap elementor-element-populated\">\n\t\t\t\t\t\t<div class=\"elementor-element elementor-element-36e9fef elementor-widget elementor-widget-heading\" data-id=\"36e9fef\" data-element_type=\"widget\" data-e-type=\"widget\" data-widget_type=\"heading.default\">\n\t\t\t\t<div class=\"elementor-widget-container\">\n\t\t\t\t\t<h2 class=\"elementor-heading-title elementor-size-default\">Best\u00e4ll manus att l\u00e4sa<\/h2>\t\t\t\t<\/div>\n\t\t\t\t<\/div>\n\t\t\t\t<div class=\"elementor-element elementor-element-527be77 elementor-widget-tablet__width-inherit elementor-invisible elementor-widget elementor-widget-text-editor\" data-id=\"527be77\" data-element_type=\"widget\" data-e-type=\"widget\" data-settings=\"{&quot;_animation&quot;:&quot;fadeInUp&quot;}\" data-widget_type=\"text-editor.default\">\n\t\t\t\t<div class=\"elementor-widget-container\">\n\t\t\t\t\t\t\t\t\t<p>Du f\u00e5r manuset per e-post inom n\u00e5gra arbetsdagar<\/p>\t\t\t\t\t\t\t\t<\/div>\n\t\t\t\t<\/div>\n\t\t\t\t<div class=\"elementor-element elementor-element-5348f86 elementor-button-info elementor-align-center elementor-widget elementor-widget-button\" data-id=\"5348f86\" data-element_type=\"widget\" data-e-type=\"widget\" data-widget_type=\"button.default\">\n\t\t\t\t<div class=\"elementor-widget-container\">\n\t\t\t\t\t\t\t\t\t<div class=\"elementor-button-wrapper\">\n\t\t\t\t\t<a class=\"elementor-button elementor-button-link elementor-size-sm elementor-animation-pop\" href=\"http:\/\/hugin.fsu.fi\/index.php\/synopsis\/\">\n\t\t\t\t\t\t<span class=\"elementor-button-content-wrapper\">\n\t\t\t\t\t\t\t\t\t<span class=\"elementor-button-text\">L\u00e4s Synopsis<\/span>\n\t\t\t\t\t<\/span>\n\t\t\t\t\t<\/a>\n\t\t\t\t<\/div>\n\t\t\t\t\t\t\t\t<\/div>\n\t\t\t\t<\/div>\n\t\t\t\t\t<\/div>\n\t\t<\/div>\n\t\t\t\t\t<\/div>\n\t\t<\/section>\n\t\t\t\t<section class=\"elementor-section elementor-top-section elementor-element elementor-element-73f110f elementor-section-boxed elementor-section-height-default elementor-section-height-default\" data-id=\"73f110f\" data-element_type=\"section\" data-e-type=\"section\">\n\t\t\t\t\t\t<div class=\"elementor-container elementor-column-gap-default\">\n\t\t\t\t\t<div class=\"elementor-column elementor-col-100 elementor-top-column elementor-element elementor-element-d8081de\" data-id=\"d8081de\" data-element_type=\"column\" data-e-type=\"column\">\n\t\t\t<div class=\"elementor-widget-wrap elementor-element-populated\">\n\t\t\t\t\t\t<section class=\"elementor-section elementor-inner-section elementor-element elementor-element-713b99b elementor-section-boxed elementor-section-height-default elementor-section-height-default\" data-id=\"713b99b\" data-element_type=\"section\" data-e-type=\"section\">\n\t\t\t\t\t\t<div class=\"elementor-container elementor-column-gap-default\">\n\t\t\t\t\t<div class=\"elementor-column elementor-col-100 elementor-inner-column elementor-element elementor-element-373d613\" data-id=\"373d613\" data-element_type=\"column\" data-e-type=\"column\">\n\t\t\t<div class=\"elementor-widget-wrap elementor-element-populated\">\n\t\t\t\t\t\t<div class=\"elementor-element elementor-element-305fe6e elementor-widget elementor-widget-wpforms\" data-id=\"305fe6e\" data-element_type=\"widget\" data-e-type=\"widget\" data-widget_type=\"wpforms.default\">\n\t\t\t\t<div class=\"elementor-widget-container\">\n\t\t\t\t\t<div class=\"wpforms-container wpforms-container-full\" id=\"wpforms-1595\"><form id=\"wpforms-form-1595\" class=\"wpforms-validate wpforms-form wpforms-ajax-form\" data-formid=\"1595\" method=\"post\" enctype=\"multipart\/form-data\" action=\"\/index.php\/wp-json\/wp\/v2\/pages\/1232\" data-token=\"ef3a75047373b1308d9747e20093626c\" data-token-time=\"1776305115\"><noscript class=\"wpforms-error-noscript\">Aktivera JavaScript i din webbl\u00e4sare f\u00f6r att slutf\u00f6ra detta formul\u00e4r.<\/noscript><div class=\"wpforms-field-container\"><div id=\"wpforms-1595-field_0-container\" class=\"wpforms-field wpforms-field-name\" data-field-id=\"0\"><label class=\"wpforms-field-label\" for=\"wpforms-1595-field_0\">Namn <span class=\"wpforms-required-label\">*<\/span><\/label><input type=\"text\" id=\"wpforms-1595-field_0\" class=\"wpforms-field-medium wpforms-field-required\" name=\"wpforms[fields][0]\" required><\/div><div id=\"wpforms-1595-field_6-container\" class=\"wpforms-field wpforms-field-text\" data-field-id=\"6\"><label class=\"wpforms-field-label\" for=\"wpforms-1595-field_6\">Din teatergrupp\/f\u00f6rening\/teaterskola<\/label><input type=\"text\" id=\"wpforms-1595-field_6\" class=\"wpforms-field-medium\" name=\"wpforms[fields][6]\" ><\/div><div id=\"wpforms-1595-field_1-container\" class=\"wpforms-field wpforms-field-email\" data-field-id=\"1\"><label class=\"wpforms-field-label\" for=\"wpforms-1595-field_1\">E-post <span class=\"wpforms-required-label\">*<\/span><\/label><input type=\"email\" id=\"wpforms-1595-field_1\" class=\"wpforms-field-medium wpforms-field-required\" name=\"wpforms[fields][1]\" spellcheck=\"false\" required><\/div><div id=\"wpforms-1595-field_4-container\" class=\"wpforms-field wpforms-field-select wpforms-field-select-style-classic\" data-field-id=\"4\"><label class=\"wpforms-field-label\" for=\"wpforms-1595-field_4\">V\u00e4lj ditt land<\/label><select id=\"wpforms-1595-field_4\" class=\"wpforms-field-medium\" name=\"wpforms[fields][4]\"><option value=\"Finland\"  class=\"choice-1 depth-1\"  >Finland<\/option><option value=\"Sverige\"  class=\"choice-2 depth-1\"  >Sverige<\/option><option value=\"Norge\"  class=\"choice-3 depth-1\"  >Norge<\/option><\/select><\/div><div id=\"wpforms-1595-field_3-container\" class=\"wpforms-field wpforms-field-radio\" data-field-id=\"3\"><label class=\"wpforms-field-label\">Vilket manus vill du l\u00e4sa? <span class=\"wpforms-required-label\">*<\/span><\/label><ul id=\"wpforms-1595-field_3\" class=\"wpforms-field-required\"><li class=\"choice-1 depth-1\"><input type=\"radio\" id=\"wpforms-1595-field_3_1\" name=\"wpforms[fields][3]\" value=\"JEG TEGNER UTENFOR RAMMENE\" required ><label class=\"wpforms-field-label-inline\" for=\"wpforms-1595-field_3_1\">JEG TEGNER UTENFOR RAMMENE<\/label><\/li><li class=\"choice-2 depth-1\"><input type=\"radio\" id=\"wpforms-1595-field_3_2\" name=\"wpforms[fields][3]\" value=\"LILOS SKYLD\" required ><label class=\"wpforms-field-label-inline\" for=\"wpforms-1595-field_3_2\">LILOS SKYLD<\/label><\/li><li class=\"choice-3 depth-1\"><input type=\"radio\" id=\"wpforms-1595-field_3_3\" name=\"wpforms[fields][3]\" value=\"PLAST\" required ><label class=\"wpforms-field-label-inline\" for=\"wpforms-1595-field_3_3\">PLAST<\/label><\/li><li class=\"choice-4 depth-1\"><input type=\"radio\" id=\"wpforms-1595-field_3_4\" name=\"wpforms[fields][3]\" value=\"LEKKONSULTERNA\" required ><label class=\"wpforms-field-label-inline\" for=\"wpforms-1595-field_3_4\">LEKKONSULTERNA<\/label><\/li><li class=\"choice-5 depth-1\"><input type=\"radio\" id=\"wpforms-1595-field_3_5\" name=\"wpforms[fields][3]\" value=\"EN V\u00c4RLD S\u00d6KER SIG R\u00c4DDARE\" required ><label class=\"wpforms-field-label-inline\" for=\"wpforms-1595-field_3_5\">EN V\u00c4RLD S\u00d6KER SIG R\u00c4DDARE<\/label><\/li><\/ul><\/div><\/div><!-- .wpforms-field-container --><div class=\"wpforms-submit-container\" ><input type=\"hidden\" name=\"wpforms[id]\" value=\"1595\"><input type=\"hidden\" name=\"page_title\" value=\"\"><input type=\"hidden\" name=\"page_url\" value=\"http:\/\/hugin.fsu.fi\/index.php\/wp-json\/wp\/v2\/pages\/1232\"><input type=\"hidden\" name=\"url_referer\" value=\"\"><button type=\"submit\" name=\"wpforms[submit]\" id=\"wpforms-submit-1595\" class=\"wpforms-submit\" data-alt-text=\"Skickar...\" data-submit-text=\"Skicka\" aria-live=\"assertive\" value=\"wpforms-submit\">Skicka<\/button><img decoding=\"async\" src=\"http:\/\/hugin.fsu.fi\/wp-content\/plugins\/wpforms-lite\/assets\/images\/submit-spin.svg\" class=\"wpforms-submit-spinner\" style=\"display: none;\" width=\"26\" height=\"26\" alt=\"Laddar\"><\/div><\/form><\/div>  <!-- .wpforms-container -->\t\t\t\t<\/div>\n\t\t\t\t<\/div>\n\t\t\t\t\t<\/div>\n\t\t<\/div>\n\t\t\t\t\t<\/div>\n\t\t<\/section>\n\t\t\t\t\t<\/div>\n\t\t<\/div>\n\t\t\t\t\t<\/div>\n\t\t<\/section>\n\t\t\t\t<section class=\"elementor-section elementor-top-section elementor-element elementor-element-120cb5a elementor-section-boxed elementor-section-height-default elementor-section-height-default\" data-id=\"120cb5a\" data-element_type=\"section\" data-e-type=\"section\" data-settings=\"{&quot;background_background&quot;:&quot;classic&quot;}\">\n\t\t\t\t\t\t<div class=\"elementor-container elementor-column-gap-no\">\n\t\t\t\t\t<div class=\"elementor-column elementor-col-33 elementor-top-column elementor-element elementor-element-2aaffdf\" data-id=\"2aaffdf\" data-element_type=\"column\" data-e-type=\"column\">\n\t\t\t<div class=\"elementor-widget-wrap elementor-element-populated\">\n\t\t\t\t\t\t<div class=\"elementor-element elementor-element-f87cc38 elementor-shape-rounded elementor-grid-0 e-grid-align-center elementor-widget elementor-widget-social-icons\" data-id=\"f87cc38\" data-element_type=\"widget\" data-e-type=\"widget\" data-widget_type=\"social-icons.default\">\n\t\t\t\t<div class=\"elementor-widget-container\">\n\t\t\t\t\t\t\t<div class=\"elementor-social-icons-wrapper elementor-grid\" role=\"list\">\n\t\t\t\t\t\t\t<span class=\"elementor-grid-item\" role=\"listitem\">\n\t\t\t\t\t<a class=\"elementor-icon elementor-social-icon elementor-social-icon-facebook elementor-animation-grow elementor-repeater-item-8b93740\" target=\"_blank\">\n\t\t\t\t\t\t<span class=\"elementor-screen-only\">Facebook<\/span>\n\t\t\t\t\t\t\t\t\t\t\t\t\t<i class=\"fa fa-facebook\" aria-hidden=\"true\"><\/i>\n\t\t\t\t\t\t\t\t\t\t\t<\/a>\n\t\t\t\t<\/span>\n\t\t\t\t\t\t\t<span class=\"elementor-grid-item\" role=\"listitem\">\n\t\t\t\t\t<a class=\"elementor-icon elementor-social-icon elementor-social-icon-twitter elementor-animation-grow elementor-repeater-item-d2b7695\" target=\"_blank\">\n\t\t\t\t\t\t<span class=\"elementor-screen-only\">Twitter<\/span>\n\t\t\t\t\t\t\t\t\t\t\t\t\t<i class=\"fa fa-twitter\" aria-hidden=\"true\"><\/i>\n\t\t\t\t\t\t\t\t\t\t\t<\/a>\n\t\t\t\t<\/span>\n\t\t\t\t\t\t\t<span class=\"elementor-grid-item\" role=\"listitem\">\n\t\t\t\t\t<a class=\"elementor-icon elementor-social-icon elementor-social-icon-dribbble elementor-animation-grow elementor-repeater-item-0831677\" target=\"_blank\">\n\t\t\t\t\t\t<span class=\"elementor-screen-only\">Dribbble<\/span>\n\t\t\t\t\t\t\t\t\t\t\t\t\t<i class=\"fa fa-dribbble\" aria-hidden=\"true\"><\/i>\n\t\t\t\t\t\t\t\t\t\t\t<\/a>\n\t\t\t\t<\/span>\n\t\t\t\t\t\t\t<span class=\"elementor-grid-item\" role=\"listitem\">\n\t\t\t\t\t<a class=\"elementor-icon elementor-social-icon elementor-social-icon-behance elementor-animation-grow elementor-repeater-item-0ac3790\" target=\"_blank\">\n\t\t\t\t\t\t<span class=\"elementor-screen-only\">Behance<\/span>\n\t\t\t\t\t\t\t\t\t\t\t\t\t<i class=\"fa fa-behance\" aria-hidden=\"true\"><\/i>\n\t\t\t\t\t\t\t\t\t\t\t<\/a>\n\t\t\t\t<\/span>\n\t\t\t\t\t<\/div>\n\t\t\t\t\t\t<\/div>\n\t\t\t\t<\/div>\n\t\t\t\t\t<\/div>\n\t\t<\/div>\n\t\t\t\t<div class=\"elementor-column elementor-col-33 elementor-top-column elementor-element elementor-element-a284d2e\" data-id=\"a284d2e\" data-element_type=\"column\" data-e-type=\"column\">\n\t\t\t<div class=\"elementor-widget-wrap elementor-element-populated\">\n\t\t\t\t\t\t<div class=\"elementor-element elementor-element-fdbc794 elementor-position-top elementor-widget elementor-widget-image-box\" data-id=\"fdbc794\" data-element_type=\"widget\" data-e-type=\"widget\" data-widget_type=\"image-box.default\">\n\t\t\t\t<div class=\"elementor-widget-container\">\n\t\t\t\t\t<div class=\"elementor-image-box-wrapper\"><figure class=\"elementor-image-box-img\"><img fetchpriority=\"high\" decoding=\"async\" width=\"3272\" height=\"3272\" src=\"http:\/\/hugin.fsu.fi\/wp-content\/uploads\/2022\/04\/Isa-Schoier-e1651050346486.png\" class=\"attachment-full size-full wp-image-1403\" alt=\"\" srcset=\"http:\/\/hugin.fsu.fi\/wp-content\/uploads\/2022\/04\/Isa-Schoier-e1651050346486.png 3272w, http:\/\/hugin.fsu.fi\/wp-content\/uploads\/2022\/04\/Isa-Schoier-e1651050346486-300x300.png 300w, http:\/\/hugin.fsu.fi\/wp-content\/uploads\/2022\/04\/Isa-Schoier-e1651050346486-1024x1024.png 1024w, http:\/\/hugin.fsu.fi\/wp-content\/uploads\/2022\/04\/Isa-Schoier-e1651050346486-150x150.png 150w, http:\/\/hugin.fsu.fi\/wp-content\/uploads\/2022\/04\/Isa-Schoier-e1651050346486-768x768.png 768w, http:\/\/hugin.fsu.fi\/wp-content\/uploads\/2022\/04\/Isa-Schoier-e1651050346486-1536x1536.png 1536w, http:\/\/hugin.fsu.fi\/wp-content\/uploads\/2022\/04\/Isa-Schoier-e1651050346486-2048x2048.png 2048w\" sizes=\"(max-width: 3272px) 100vw, 3272px\" \/><\/figure><div class=\"elementor-image-box-content\"><h3 class=\"elementor-image-box-title\">Isa Sch\u00f6ier<\/h3><p class=\"elementor-image-box-description\">Sverige<\/p><\/div><\/div>\t\t\t\t<\/div>\n\t\t\t\t<\/div>\n\t\t\t\t<div class=\"elementor-element elementor-element-fc8a1fa elementor-widget-divider--view-line elementor-widget elementor-widget-divider\" data-id=\"fc8a1fa\" data-element_type=\"widget\" data-e-type=\"widget\" data-widget_type=\"divider.default\">\n\t\t\t\t<div class=\"elementor-widget-container\">\n\t\t\t\t\t\t\t<div class=\"elementor-divider\">\n\t\t\t<span class=\"elementor-divider-separator\">\n\t\t\t\t\t\t<\/span>\n\t\t<\/div>\n\t\t\t\t\t\t<\/div>\n\t\t\t\t<\/div>\n\t\t\t\t<div class=\"elementor-element elementor-element-39b2c22 elementor-widget elementor-widget-text-editor\" data-id=\"39b2c22\" data-element_type=\"widget\" data-e-type=\"widget\" data-widget_type=\"text-editor.default\">\n\t\t\t\t<div class=\"elementor-widget-container\">\n\t\t\t\t\t\t\t\t\t<p>huginmunin@atr.nu<\/p>\t\t\t\t\t\t\t\t<\/div>\n\t\t\t\t<\/div>\n\t\t\t\t<div class=\"elementor-element elementor-element-4d72651 elementor-shape-rounded elementor-grid-0 e-grid-align-center elementor-widget elementor-widget-social-icons\" data-id=\"4d72651\" data-element_type=\"widget\" data-e-type=\"widget\" data-widget_type=\"social-icons.default\">\n\t\t\t\t<div class=\"elementor-widget-container\">\n\t\t\t\t\t\t\t<div class=\"elementor-social-icons-wrapper elementor-grid\" role=\"list\">\n\t\t\t\t\t\t\t<span class=\"elementor-grid-item\" role=\"listitem\">\n\t\t\t\t\t<a class=\"elementor-icon elementor-social-icon elementor-social-icon-facebook elementor-animation-grow elementor-repeater-item-8b93740\" target=\"_blank\">\n\t\t\t\t\t\t<span class=\"elementor-screen-only\">Facebook<\/span>\n\t\t\t\t\t\t\t\t\t\t\t\t\t<i class=\"fa fa-facebook\" aria-hidden=\"true\"><\/i>\n\t\t\t\t\t\t\t\t\t\t\t<\/a>\n\t\t\t\t<\/span>\n\t\t\t\t\t\t\t<span class=\"elementor-grid-item\" role=\"listitem\">\n\t\t\t\t\t<a class=\"elementor-icon elementor-social-icon elementor-social-icon-twitter elementor-animation-grow elementor-repeater-item-d2b7695\" target=\"_blank\">\n\t\t\t\t\t\t<span class=\"elementor-screen-only\">Twitter<\/span>\n\t\t\t\t\t\t\t\t\t\t\t\t\t<i class=\"fa fa-twitter\" aria-hidden=\"true\"><\/i>\n\t\t\t\t\t\t\t\t\t\t\t<\/a>\n\t\t\t\t<\/span>\n\t\t\t\t\t\t\t<span class=\"elementor-grid-item\" role=\"listitem\">\n\t\t\t\t\t<a class=\"elementor-icon elementor-social-icon elementor-social-icon-dribbble elementor-animation-grow elementor-repeater-item-0831677\" target=\"_blank\">\n\t\t\t\t\t\t<span class=\"elementor-screen-only\">Dribbble<\/span>\n\t\t\t\t\t\t\t\t\t\t\t\t\t<i class=\"fa fa-dribbble\" aria-hidden=\"true\"><\/i>\n\t\t\t\t\t\t\t\t\t\t\t<\/a>\n\t\t\t\t<\/span>\n\t\t\t\t\t\t\t<span class=\"elementor-grid-item\" role=\"listitem\">\n\t\t\t\t\t<a class=\"elementor-icon elementor-social-icon elementor-social-icon-behance elementor-animation-grow elementor-repeater-item-0ac3790\" target=\"_blank\">\n\t\t\t\t\t\t<span class=\"elementor-screen-only\">Behance<\/span>\n\t\t\t\t\t\t\t\t\t\t\t\t\t<i class=\"fa fa-behance\" aria-hidden=\"true\"><\/i>\n\t\t\t\t\t\t\t\t\t\t\t<\/a>\n\t\t\t\t<\/span>\n\t\t\t\t\t<\/div>\n\t\t\t\t\t\t<\/div>\n\t\t\t\t<\/div>\n\t\t\t\t\t<\/div>\n\t\t<\/div>\n\t\t\t\t<div class=\"elementor-column elementor-col-33 elementor-top-column elementor-element elementor-element-c523c16\" data-id=\"c523c16\" data-element_type=\"column\" data-e-type=\"column\">\n\t\t\t<div class=\"elementor-widget-wrap elementor-element-populated\">\n\t\t\t\t\t\t<div class=\"elementor-element elementor-element-e1ce04d elementor-shape-rounded elementor-grid-0 e-grid-align-center elementor-widget elementor-widget-social-icons\" data-id=\"e1ce04d\" data-element_type=\"widget\" data-e-type=\"widget\" data-widget_type=\"social-icons.default\">\n\t\t\t\t<div class=\"elementor-widget-container\">\n\t\t\t\t\t\t\t<div class=\"elementor-social-icons-wrapper elementor-grid\" role=\"list\">\n\t\t\t\t\t\t\t<span class=\"elementor-grid-item\" role=\"listitem\">\n\t\t\t\t\t<a class=\"elementor-icon elementor-social-icon elementor-social-icon-facebook elementor-animation-grow elementor-repeater-item-8b93740\" target=\"_blank\">\n\t\t\t\t\t\t<span class=\"elementor-screen-only\">Facebook<\/span>\n\t\t\t\t\t\t\t\t\t\t\t\t\t<i class=\"fa fa-facebook\" aria-hidden=\"true\"><\/i>\n\t\t\t\t\t\t\t\t\t\t\t<\/a>\n\t\t\t\t<\/span>\n\t\t\t\t\t\t\t<span class=\"elementor-grid-item\" role=\"listitem\">\n\t\t\t\t\t<a class=\"elementor-icon elementor-social-icon elementor-social-icon-twitter elementor-animation-grow elementor-repeater-item-d2b7695\" target=\"_blank\">\n\t\t\t\t\t\t<span class=\"elementor-screen-only\">Twitter<\/span>\n\t\t\t\t\t\t\t\t\t\t\t\t\t<i class=\"fa fa-twitter\" aria-hidden=\"true\"><\/i>\n\t\t\t\t\t\t\t\t\t\t\t<\/a>\n\t\t\t\t<\/span>\n\t\t\t\t\t\t\t<span class=\"elementor-grid-item\" role=\"listitem\">\n\t\t\t\t\t<a class=\"elementor-icon elementor-social-icon elementor-social-icon-dribbble elementor-animation-grow elementor-repeater-item-0831677\" target=\"_blank\">\n\t\t\t\t\t\t<span class=\"elementor-screen-only\">Dribbble<\/span>\n\t\t\t\t\t\t\t\t\t\t\t\t\t<i class=\"fa fa-dribbble\" aria-hidden=\"true\"><\/i>\n\t\t\t\t\t\t\t\t\t\t\t<\/a>\n\t\t\t\t<\/span>\n\t\t\t\t\t\t\t<span class=\"elementor-grid-item\" role=\"listitem\">\n\t\t\t\t\t<a class=\"elementor-icon elementor-social-icon elementor-social-icon-behance elementor-animation-grow elementor-repeater-item-0ac3790\" target=\"_blank\">\n\t\t\t\t\t\t<span class=\"elementor-screen-only\">Behance<\/span>\n\t\t\t\t\t\t\t\t\t\t\t\t\t<i class=\"fa fa-behance\" aria-hidden=\"true\"><\/i>\n\t\t\t\t\t\t\t\t\t\t\t<\/a>\n\t\t\t\t<\/span>\n\t\t\t\t\t<\/div>\n\t\t\t\t\t\t<\/div>\n\t\t\t\t<\/div>\n\t\t\t\t\t<\/div>\n\t\t<\/div>\n\t\t\t\t\t<\/div>\n\t\t<\/section>\n\t\t\t\t<\/div>\n\t\t","protected":false},"excerpt":{"rendered":"<p>Best\u00e4ll manus att l\u00e4sa Du f\u00e5r manuset per e-post inom n\u00e5gra arbetsdagar L\u00e4s Synopsis Facebook Twitter Dribbble Behance Isa Sch\u00f6ier Sverige huginmunin@atr.nu Facebook Twitter Dribbble Behance Facebook Twitter Dribbble Behance<\/p>\n","protected":false},"author":2,"featured_media":0,"parent":0,"menu_order":0,"comment_status":"closed","ping_status":"closed","template":"","meta":{"footnotes":""},"class_list":["post-1232","page","type-page","status-publish","hentry"],"_links":{"self":[{"href":"http:\/\/hugin.fsu.fi\/index.php\/wp-json\/wp\/v2\/pages\/1232","targetHints":{"allow":["GET"]}}],"collection":[{"href":"http:\/\/hugin.fsu.fi\/index.php\/wp-json\/wp\/v2\/pages"}],"about":[{"href":"http:\/\/hugin.fsu.fi\/index.php\/wp-json\/wp\/v2\/types\/page"}],"author":[{"embeddable":true,"href":"http:\/\/hugin.fsu.fi\/index.php\/wp-json\/wp\/v2\/users\/2"}],"replies":[{"embeddable":true,"href":"http:\/\/hugin.fsu.fi\/index.php\/wp-json\/wp\/v2\/comments?post=1232"}],"version-history":[{"count":14,"href":"http:\/\/hugin.fsu.fi\/index.php\/wp-json\/wp\/v2\/pages\/1232\/revisions"}],"predecessor-version":[{"id":1629,"href":"http:\/\/hugin.fsu.fi\/index.php\/wp-json\/wp\/v2\/pages\/1232\/revisions\/1629"}],"wp:attachment":[{"href":"http:\/\/hugin.fsu.fi\/index.php\/wp-json\/wp\/v2\/media?parent=1232"}],"curies":[{"name":"wp","href":"https:\/\/api.w.org\/{rel}","templated":true}]}}